{"id":129,"date":"2020-04-13T17:25:21","date_gmt":"2020-04-13T17:25:21","guid":{"rendered":"https:\/\/new.praxis-viebahn.de\/?page_id=129"},"modified":"2020-04-29T20:31:18","modified_gmt":"2020-04-29T20:31:18","slug":"impressum","status":"publish","type":"page","link":"https:\/\/www.praxis-viebahn.de\/index.php\/impressum\/","title":{"rendered":"Impressum"},"content":{"rendered":"\t\t<div data-elementor-type=\"wp-page\" data-elementor-id=\"129\" class=\"elementor elementor-129\">\n\t\t\t\t\t\t<section class=\"elementor-section elementor-top-section elementor-element elementor-element-7305a4c elementor-section-boxed elementor-section-height-default elementor-section-height-default\" data-id=\"7305a4c\" data-element_type=\"section\" data-e-type=\"section\">\n\t\t\t\t\t\t<div class=\"elementor-container elementor-column-gap-default\">\n\t\t\t\t\t<div class=\"elementor-column elementor-col-100 elementor-top-column elementor-element elementor-element-647e4d4\" data-id=\"647e4d4\" data-element_type=\"column\" data-e-type=\"column\">\n\t\t\t<div class=\"elementor-widget-wrap elementor-element-populated\">\n\t\t\t\t\t\t<div class=\"elementor-element elementor-element-3dd9070 elementor-widget elementor-widget-heading\" data-id=\"3dd9070\" data-element_type=\"widget\" data-e-type=\"widget\" data-widget_type=\"heading.default\">\n\t\t\t\t<div class=\"elementor-widget-container\">\n\t\t\t\t\t<h2 class=\"elementor-heading-title elementor-size-default\">Inhaltliche Verantwortung\n\ni.S.d. \u00a7 5 Telemediengesetz (TMG)\n<\/h2>\t\t\t\t<\/div>\n\t\t\t\t<\/div>\n\t\t\t\t<section class=\"elementor-section elementor-inner-section elementor-element elementor-element-9002a79 elementor-section-boxed elementor-section-height-default elementor-section-height-default\" data-id=\"9002a79\" data-element_type=\"section\" data-e-type=\"section\">\n\t\t\t\t\t\t<div class=\"elementor-container elementor-column-gap-default\">\n\t\t\t\t\t<div class=\"elementor-column elementor-col-50 elementor-inner-column elementor-element elementor-element-4cd7b97\" data-id=\"4cd7b97\" data-element_type=\"column\" data-e-type=\"column\">\n\t\t\t<div class=\"elementor-widget-wrap elementor-element-populated\">\n\t\t\t\t\t\t<div class=\"elementor-element elementor-element-65b1e47 elementor-widget elementor-widget-text-editor\" data-id=\"65b1e47\" data-element_type=\"widget\" data-e-type=\"widget\" data-widget_type=\"text-editor.default\">\n\t\t\t\t<div class=\"elementor-widget-container\">\n\t\t\t\t\t\t\t\t\t<p><strong>Dr. med. Hendrik Viebahn<\/strong><br \/>Hans-B\u00f6ckler-Str. 151<br \/>42109 Wuppertal<br \/>Tel. 02 02-702211<br \/>Fax 02 02-7054792<br \/><a href=\"mailto:praxis-viebahn@t-online.de\">praxis-viebahn@t-online.de<\/a><\/p>\t\t\t\t\t\t\t\t<\/div>\n\t\t\t\t<\/div>\n\t\t\t\t\t<\/div>\n\t\t<\/div>\n\t\t\t\t<div class=\"elementor-column elementor-col-50 elementor-inner-column elementor-element elementor-element-6c16114\" data-id=\"6c16114\" data-element_type=\"column\" data-e-type=\"column\">\n\t\t\t<div class=\"elementor-widget-wrap elementor-element-populated\">\n\t\t\t\t\t\t<div class=\"elementor-element elementor-element-bb8a1d8 elementor-widget elementor-widget-text-editor\" data-id=\"bb8a1d8\" data-element_type=\"widget\" data-e-type=\"widget\" data-widget_type=\"text-editor.default\">\n\t\t\t\t<div class=\"elementor-widget-container\">\n\t\t\t\t\t\t\t\t\t<p><strong>Stellungnahme<\/strong><br \/>Die auf diesen Seiten angebotenen Informationen erheben keinen Anspruch auf Vollst\u00e4ndigkeit, Richtigkeit und Aktualit\u00e4t. Hierf\u00fcr wird keine Gew\u00e4hr \u00fcbernommen. Wir weisen darauf hin, dass die Haftung f\u00fcr s\u00e4mtliche Sch\u00e4den ausgeschlossen ist, die durch die Nutzung der diesseits angebotenen Informationen entstehen k\u00f6nnen. Die auf diesen Seiten vorgehaltenen Informationen und Beitr\u00e4ge dienen ausschlie\u00dflich der allgemeinen Information.<\/p><p><strong>Urheberschutzbestimmung<\/strong><br \/>Das Layout der Homepage, die verwendeten Grafiken und Bilder, die Sammlung sowie einzelne Beitr\u00e4ge sind urheberrechtlich gesch\u00fctzt. Alle Rechte, auch die der fotomechanischen Wiedergabe, der Vervielf\u00e4ltigung und der Verbreitung mittels besonderer Verfahren (zum Beispiel Datenverarbeitung, Datentr\u00e4ger und Datennetze), auch teilweise, beh\u00e4lt sich die educate vor.<\/p><p><strong>Externe Verweise und Links<\/strong><br \/>Mit Urteil vom 12. Mai 1998 hat das LG Hamburg entschieden, dass man durch die Ausbringung von Links die Inhalte der gelinkten Seite ggf. mitzuverantworten hat. Dies kann, so das LG, nur dadurch verhindert werden, dass man sich ausdr\u00fccklich von diesen Inhalten distanziert. Wir haben auf unseren Seiten Links zu Seiten des Internets gelegt, deren Inhalt und Aktualisierung nicht dem Einflussbereich der educate unterliegen. F\u00fcr alle diese Links gilt: \u201eDie educate hat keinen Einfluss auf Gestaltung und Inhalte fremder Internetseiten. Sie distanziert sich daher von allen fremden Inhalten, wenn auch von den Webseiten der educate auf diese externen Seiten ein Link gesetzt wurde.\u201c Diese Erkl\u00e4rung gilt f\u00fcr alle auf unserer Homepage angezeigten Links und f\u00fcr alle Inhalte der Seiten, zu denen die bei uns angemeldeten Banner und Links f\u00fchren.<\/p>\t\t\t\t\t\t\t\t<\/div>\n\t\t\t\t<\/div>\n\t\t\t\t\t<\/div>\n\t\t<\/div>\n\t\t\t\t\t<\/div>\n\t\t<\/section>\n\t\t\t\t\t<\/div>\n\t\t<\/div>\n\t\t\t\t\t<\/div>\n\t\t<\/section>\n\t\t\t\t<\/div>\n\t\t","protected":false},"excerpt":{"rendered":"<p>Inhaltliche Verantwortung i.S.d. \u00a7 5 Telemediengesetz (TMG) Dr. med. Hendrik Viebahn Hans-B\u00f6ckler-Str. 151 42109 Wuppertal Tel. 02 02-702211 Fax 02 02-7054792 praxis-viebahn@t-online.de Stellungnahme Die auf diesen Seiten angebotenen Informationen erheben keinen Anspruch auf Vollst\u00e4ndigkeit, Richtigkeit und Aktualit\u00e4t. Hierf\u00fcr wird keine Gew\u00e4hr \u00fcbernommen. Wir weisen darauf hin, dass die Haftung f\u00fcr s\u00e4mtliche Sch\u00e4den ausgeschlossen ist, die<span class=\"post-excerpt-end\">&hellip;<\/span><\/p>\n<p class=\"more-link\"><a href=\"https:\/\/www.praxis-viebahn.de\/index.php\/impressum\/\" class=\"themebutton\">Read More<\/a><\/p>\n","protected":false},"author":1,"featured_media":0,"parent":0,"menu_order":0,"comment_status":"closed","ping_status":"closed","template":"","meta":{"footnotes":""},"class_list":["post-129","page","type-page","status-publish","hentry"],"jetpack_sharing_enabled":true,"_links":{"self":[{"href":"https:\/\/www.praxis-viebahn.de\/index.php\/wp-json\/wp\/v2\/pages\/129","targetHints":{"allow":["GET"]}}],"collection":[{"href":"https:\/\/www.praxis-viebahn.de\/index.php\/wp-json\/wp\/v2\/pages"}],"about":[{"href":"https:\/\/www.praxis-viebahn.de\/index.php\/wp-json\/wp\/v2\/types\/page"}],"author":[{"embeddable":true,"href":"https:\/\/www.praxis-viebahn.de\/index.php\/wp-json\/wp\/v2\/users\/1"}],"replies":[{"embeddable":true,"href":"https:\/\/www.praxis-viebahn.de\/index.php\/wp-json\/wp\/v2\/comments?post=129"}],"version-history":[{"count":8,"href":"https:\/\/www.praxis-viebahn.de\/index.php\/wp-json\/wp\/v2\/pages\/129\/revisions"}],"predecessor-version":[{"id":305,"href":"https:\/\/www.praxis-viebahn.de\/index.php\/wp-json\/wp\/v2\/pages\/129\/revisions\/305"}],"wp:attachment":[{"href":"https:\/\/www.praxis-viebahn.de\/index.php\/wp-json\/wp\/v2\/media?parent=129"}],"curies":[{"name":"wp","href":"https:\/\/api.w.org\/{rel}","templated":true}]}}