{"id":200,"date":"2020-04-18T17:49:14","date_gmt":"2020-04-18T17:49:14","guid":{"rendered":"https:\/\/new.praxis-viebahn.de\/?page_id=200"},"modified":"2026-01-22T13:35:25","modified_gmt":"2026-01-22T13:35:25","slug":"aktuelles","status":"publish","type":"page","link":"https:\/\/www.praxis-viebahn.de\/index.php\/aktuelles\/","title":{"rendered":"Aktuelles"},"content":{"rendered":"\t\t<div data-elementor-type=\"wp-page\" data-elementor-id=\"200\" class=\"elementor elementor-200\">\n\t\t\t\t\t\t<section class=\"elementor-section elementor-top-section elementor-element elementor-element-e9453dc elementor-section-boxed elementor-section-height-default elementor-section-height-default\" data-id=\"e9453dc\" data-element_type=\"section\" data-e-type=\"section\">\n\t\t\t\t\t\t<div class=\"elementor-container elementor-column-gap-default\">\n\t\t\t\t\t<div class=\"elementor-column elementor-col-100 elementor-top-column elementor-element elementor-element-447a02e\" data-id=\"447a02e\" data-element_type=\"column\" data-e-type=\"column\">\n\t\t\t<div class=\"elementor-widget-wrap elementor-element-populated\">\n\t\t\t\t\t\t<div class=\"elementor-element elementor-element-4c17805 elementor-widget elementor-widget-text-editor\" data-id=\"4c17805\" data-element_type=\"widget\" data-e-type=\"widget\" data-widget_type=\"text-editor.default\">\n\t\t\t\t<div class=\"elementor-widget-container\">\n\t\t\t\t\t\t\t\t\t<p><span style=\"font-size: 16px; letter-spacing: 0px;\">Ben\u00f6tigen Sie ein Medikament? Erfahren Sie wie Sie dieses anfordern k\u00f6nnen. Au\u00dferdem arbeiten wir mit der AESCULAP Apotheke zusammen, um die Anzahl der Kontakte zu reduzieren.<\/span><\/p><p>Bitte pr\u00fcfen Sie\u00a0<a href=\"https:\/\/www.praxis-viebahn.de\/wp-content\/uploads\/2026\/01\/Viebahn_Praxis_01_2026.pdf\">hier<\/a>\u00a0unsere aktuellen Infos.<\/p><p><a href=\"https:\/\/www.praxis-viebahn.de\/wp-content\/uploads\/2026\/01\/Viebahn_Praxis_01_2026.pdf\">Aktuelle Infos Stand 01.01.2026<\/a><\/p>\t\t\t\t\t\t\t\t<\/div>\n\t\t\t\t<\/div>\n\t\t\t\t\t<\/div>\n\t\t<\/div>\n\t\t\t\t\t<\/div>\n\t\t<\/section>\n\t\t\t\t<\/div>\n\t\t","protected":false},"excerpt":{"rendered":"<p>Ben\u00f6tigen Sie ein Medikament? Erfahren Sie wie Sie dieses anfordern k\u00f6nnen. Au\u00dferdem arbeiten wir mit der AESCULAP Apotheke zusammen, um die Anzahl der Kontakte zu reduzieren. Bitte pr\u00fcfen Sie\u00a0hier\u00a0unsere aktuellen Infos. Aktuelle Infos Stand 01.01.2026<\/p>\n","protected":false},"author":1,"featured_media":0,"parent":0,"menu_order":0,"comment_status":"closed","ping_status":"closed","template":"","meta":{"footnotes":""},"class_list":["post-200","page","type-page","status-publish","hentry"],"jetpack_sharing_enabled":true,"_links":{"self":[{"href":"https:\/\/www.praxis-viebahn.de\/index.php\/wp-json\/wp\/v2\/pages\/200","targetHints":{"allow":["GET"]}}],"collection":[{"href":"https:\/\/www.praxis-viebahn.de\/index.php\/wp-json\/wp\/v2\/pages"}],"about":[{"href":"https:\/\/www.praxis-viebahn.de\/index.php\/wp-json\/wp\/v2\/types\/page"}],"author":[{"embeddable":true,"href":"https:\/\/www.praxis-viebahn.de\/index.php\/wp-json\/wp\/v2\/users\/1"}],"replies":[{"embeddable":true,"href":"https:\/\/www.praxis-viebahn.de\/index.php\/wp-json\/wp\/v2\/comments?post=200"}],"version-history":[{"count":119,"href":"https:\/\/www.praxis-viebahn.de\/index.php\/wp-json\/wp\/v2\/pages\/200\/revisions"}],"predecessor-version":[{"id":634,"href":"https:\/\/www.praxis-viebahn.de\/index.php\/wp-json\/wp\/v2\/pages\/200\/revisions\/634"}],"wp:attachment":[{"href":"https:\/\/www.praxis-viebahn.de\/index.php\/wp-json\/wp\/v2\/media?parent=200"}],"curies":[{"name":"wp","href":"https:\/\/api.w.org\/{rel}","templated":true}]}}